{"id":3,"date":"2025-06-22T17:49:39","date_gmt":"2025-06-22T17:49:39","guid":{"rendered":"https:\/\/nifty-lamarr.188-164-194-44.plesk.page\/?page_id=3"},"modified":"2025-10-20T18:32:26","modified_gmt":"2025-10-20T18:32:26","slug":"privacidad","status":"publish","type":"page","link":"https:\/\/alyragestionintegral.es\/index.php\/privacidad\/","title":{"rendered":"Pol\u00edtica de Privacidad"},"content":{"rendered":"\t\t<div data-elementor-type=\"wp-page\" data-elementor-id=\"3\" class=\"elementor elementor-3\" data-elementor-post-type=\"page\">\n\t\t\t\t<div class=\"elementor-element elementor-element-acea45b e-flex e-con-boxed e-con e-parent\" data-id=\"acea45b\" data-element_type=\"container\" data-e-type=\"container\">\n\t\t\t\t\t<div class=\"e-con-inner\">\n\t\t\t\t<div class=\"elementor-element elementor-element-26f33b09 elementor-widget elementor-widget-text-editor\" data-id=\"26f33b09\" data-element_type=\"widget\" data-e-type=\"widget\" data-widget_type=\"text-editor.default\">\n\t\t\t\t<div class=\"elementor-widget-container\">\n\t\t\t\t\t\t\t\t\t\n<p>En cumplimiento del Cap\u00edtulo II de la ley 34\/2002, LSSICE, les informamos que la presente p\u00e1gina web es propiedad de RAFAEL GIL DURAN, domiciliado en CALLE ESPA\u00d1A 18D &#8211; CIEMPOZUELOS &#8211; MADRID, con DNI: 46864405L, tel\u00e9fono de contacto: <a>659376537<\/a>, correo electr\u00f3nico: info@alyragestion.es, la presente Pol\u00edtica de Privacidad establece los t\u00e9rminos en que RAFAEL GIL DURAN usa y protege la informaci\u00f3n que es proporcionada por sus usuarios al momento de utilizar su sitio web. Esta compa\u00f1\u00eda est\u00e1 comprometida con la seguridad de los datos de sus usuarios. Cuando le pedimos llenar los campos de informaci\u00f3n personal con la cual usted pueda ser identificado, lo hacemos asegurando que s\u00f3lo se emplear\u00e1 de acuerdo con los t\u00e9rminos de este documento. Sin embargo, esta Pol\u00edtica de Privacidad puede cambiar con el tiempo o ser actualizada por lo que le recomendamos y enfatizamos revisar continuamente esta p\u00e1gina para asegurarse que est\u00e1 de acuerdo con dichos cambios.<\/p>\n\n<p><strong>INFORMACI\u00d3N QUE ES RECOGIDA<\/strong><\/p>\n\n<p>Nuestro sitio web podr\u00e1 recoger informaci\u00f3n personal, por ejemplo: Nombre, informaci\u00f3n de contacto como su direcci\u00f3n de correo electr\u00f3nica e informaci\u00f3n demogr\u00e1fica. As\u00ed mismo cuando sea necesario podr\u00e1 ser requerida informaci\u00f3n espec\u00edfica para procesar alg\u00fan pedido o realizar una entrega o facturaci\u00f3n.<\/p>\n\n<p><strong>USO DE LA INFORMACI\u00d3N RECOGIDA<\/strong><\/p>\n\n<p>Nuestro sitio web emplea la informaci\u00f3n con el fin de proporcionar el mejor servicio posible, particularmente para mantener un registro de usuarios, de pedidos en caso de que aplique, y mejorar nuestros productos y servicios. \u00a0Es posible que sean enviados correos electr\u00f3nicos peri\u00f3dicamente a trav\u00e9s de nuestro sitio con ofertas especiales, nuevos productos y otra informaci\u00f3n publicitaria que consideremos relevante para usted o que pueda brindarle alg\u00fan beneficio, estos correos electr\u00f3nicos ser\u00e1n enviados a la direcci\u00f3n que usted proporcione y podr\u00e1n ser cancelados en cualquier momento.<\/p>\n\n<p>Planeta Web Locutorio est\u00e1 altamente comprometido para cumplir con el compromiso de mantener su informaci\u00f3n segura. Usamos los sistemas m\u00e1s avanzados y los actualizamos constantemente para asegurarnos que no exista ning\u00fan acceso no autorizado.<\/p>\n\n<p><strong>COOKIES<\/strong><\/p>\n\n<p>Una cookie se refiere a un fichero que es enviado con la finalidad de solicitar permiso para almacenarse en su ordenador, al aceptar dicho fichero se crea y la cookie sirve entonces para tener informaci\u00f3n respecto al tr\u00e1fico web, y tambi\u00e9n facilita las futuras recurrentes. Otra funci\u00f3n que tienen las cookies es que con ellas las webs pueden reconocerte individualmente y por tanto brindarte el mejor servicio personalizado de su web.<\/p>\n\n<p>Nuestro sitio web emplea las cookies para poder identificar las p\u00e1ginas que son visitadas y su frecuencia. Esta informaci\u00f3n es empleada \u00fanicamente para an\u00e1lisis estad\u00edstico y despu\u00e9s la informaci\u00f3n se elimina de forma permanente. Usted puede eliminar las cookies en cualquier momento desde su ordenador. Sin embargo, las cookies ayudan a proporcionar un mejor servicio de los sitios web, est\u00e1s no dan acceso a informaci\u00f3n de su ordenador ni de usted, a menos de que usted as\u00ed lo quiera y la proporcione directamente. Usted puede aceptar o negar el uso de cookies, sin embargo, la mayor\u00eda de los navegadores aceptan cookies autom\u00e1ticamente pues sirve para tener un mejor servicio web. Tambi\u00e9n usted puede cambiar la configuraci\u00f3n de su ordenador para declinar las cookies. Si se declinan es posible que no pueda utilizar algunos de nuestros servicios.<\/p>\n\n<p><strong>ENLACE A TERCEROS<\/strong><\/p>\n\n<p>Este sitio web pudiera contener en laces a otros sitios que pudieran ser de su inter\u00e9s. Una vez que usted de clic en estos enlaces y abandone nuestra p\u00e1gina, ya no tenemos control sobre al sitio al que es redirigido y por lo tanto no somos responsables de los t\u00e9rminos o privacidad ni de la protecci\u00f3n de sus datos en esos otros sitios terceros. Dichos sitios est\u00e1n sujetos a sus propias pol\u00edticas de privacidad por lo cual es recomendable que los consulte para confirmar que usted est\u00e1 de acuerdo con estas.<\/p>\n\n<p><strong>CONTROL DE SU INFORMACI\u00d3N PERSONAL<\/strong><\/p>\n\n<p>En cualquier momento usted puede restringir la recopilaci\u00f3n o el uso de la informaci\u00f3n personal que es proporcionada a nuestro sitio web.\u00a0 Cada vez que se le solicite rellenar un formulario, como el de alta de usuario, puede marcar o desmarcar la opci\u00f3n de recibir informaci\u00f3n por correo electr\u00f3nico. \u00a0En caso de que haya marcado la opci\u00f3n de recibir nuestro bolet\u00edn o publicidad usted puede cancelarla en cualquier momento.<\/p>\n\n<p>Esta compa\u00f1\u00eda no vender\u00e1, ceder\u00e1 ni distribuir\u00e1 la informaci\u00f3n personal que es recopilada sin su consentimiento, salvo que sea requerido por un juez con un orden judicial.<\/p>\n\n<p>Planeta Web Locutorio Se reserva el derecho de cambiar los t\u00e9rminos de la presente Pol\u00edtica de Privacidad en cualquier momento.<\/p>\n\n<p>De acuerdo con estas normativas, le informamos que tiene derecho a solicitar el acceso, rectificaci\u00f3n, portabilidad y supresi\u00f3n de sus datos y la limitaci\u00f3n y oposici\u00f3n a su tratamiento dirigi\u00e9ndose a CALLE ESPA\u00d1A 18D &#8211; CIEMPOZUELOS &#8211; MADRID, enviando un correo electr\u00f3nico a info@alyragestion.es, indicando como Asunto: \u201cLOPD, Derechos Arco\u201d, y adjuntando fotocopia de su DNI o cualquier medio an\u00e1logo en derecho, tal y como indica la ley. Tiene derecho a retirar el consentimiento prestado en cualquier momento. La retirada del consentimiento no afectar\u00e1 a la licitud del tratamiento efectuado antes de la retirada del consentimiento. Tambi\u00e9n tiene derecho a presentar una reclamaci\u00f3n ante la autoridad de control si considera que pueden haberse visto vulnerados sus derechos con relaci\u00f3n a la protecci\u00f3n de sus datos.<\/p>\n\t\t\t\t\t\t\t\t<\/div>\n\t\t\t\t<\/div>\n\t\t\t\t\t<\/div>\n\t\t\t\t<\/div>\n\t\t<div class=\"elementor-element elementor-element-3b4aad6 e-flex e-con-boxed e-con e-parent\" data-id=\"3b4aad6\" data-element_type=\"container\" data-e-type=\"container\">\n\t\t\t\t\t<div class=\"e-con-inner\">\n\t\t\t\t<div class=\"elementor-element elementor-element-e473106 elementor-widget-divider--view-line elementor-widget elementor-widget-divider\" data-id=\"e473106\" data-element_type=\"widget\" data-e-type=\"widget\" data-widget_type=\"divider.default\">\n\t\t\t\t<div class=\"elementor-widget-container\">\n\t\t\t\t\t\t\t<div class=\"elementor-divider\">\n\t\t\t<span class=\"elementor-divider-separator\">\n\t\t\t\t\t\t<\/span>\n\t\t<\/div>\n\t\t\t\t\t\t<\/div>\n\t\t\t\t<\/div>\n\t\t\t\t\t<\/div>\n\t\t\t\t<\/div>\n\t\t\t\t<\/div>\n\t\t","protected":false},"excerpt":{"rendered":"<p>En cumplimiento del Cap\u00edtulo II de la ley 34\/2002, LSSICE, les informamos que la presente p\u00e1gina web es propiedad de RAFAEL GIL DURAN, domiciliado en CALLE ESPA\u00d1A 18D &#8211; CIEMPOZUELOS &#8211; MADRID, con DNI: 46864405L, tel\u00e9fono de contacto: 659376537, correo electr\u00f3nico: info@alyragestion.es, la presente Pol\u00edtica de Privacidad establece los t\u00e9rminos en que RAFAEL GIL DURAN [&hellip;]<\/p>\n","protected":false},"author":1,"featured_media":0,"parent":0,"menu_order":0,"comment_status":"closed","ping_status":"closed","template":"","meta":{"footnotes":""},"class_list":["post-3","page","type-page","status-publish","hentry"],"aioseo_notices":[],"_links":{"self":[{"href":"https:\/\/alyragestionintegral.es\/index.php\/wp-json\/wp\/v2\/pages\/3","targetHints":{"allow":["GET"]}}],"collection":[{"href":"https:\/\/alyragestionintegral.es\/index.php\/wp-json\/wp\/v2\/pages"}],"about":[{"href":"https:\/\/alyragestionintegral.es\/index.php\/wp-json\/wp\/v2\/types\/page"}],"author":[{"embeddable":true,"href":"https:\/\/alyragestionintegral.es\/index.php\/wp-json\/wp\/v2\/users\/1"}],"replies":[{"embeddable":true,"href":"https:\/\/alyragestionintegral.es\/index.php\/wp-json\/wp\/v2\/comments?post=3"}],"version-history":[{"count":7,"href":"https:\/\/alyragestionintegral.es\/index.php\/wp-json\/wp\/v2\/pages\/3\/revisions"}],"predecessor-version":[{"id":3667,"href":"https:\/\/alyragestionintegral.es\/index.php\/wp-json\/wp\/v2\/pages\/3\/revisions\/3667"}],"wp:attachment":[{"href":"https:\/\/alyragestionintegral.es\/index.php\/wp-json\/wp\/v2\/media?parent=3"}],"curies":[{"name":"wp","href":"https:\/\/api.w.org\/{rel}","templated":true}]}}