{"id":3537,"date":"2025-06-26T18:27:20","date_gmt":"2025-06-26T18:27:20","guid":{"rendered":"https:\/\/nifty-lamarr.188-164-194-44.plesk.page\/?page_id=3537"},"modified":"2025-10-20T18:34:17","modified_gmt":"2025-10-20T18:34:17","slug":"legal","status":"publish","type":"page","link":"https:\/\/alyragestionintegral.es\/index.php\/legal\/","title":{"rendered":"Aviso Legal"},"content":{"rendered":"\t\t<div data-elementor-type=\"wp-page\" data-elementor-id=\"3537\" class=\"elementor elementor-3537\" data-elementor-post-type=\"page\">\n\t\t\t\t<div class=\"elementor-element elementor-element-31a6f14c e-flex e-con-boxed e-con e-parent\" data-id=\"31a6f14c\" data-element_type=\"container\" data-e-type=\"container\">\n\t\t\t\t\t<div class=\"e-con-inner\">\n\t\t\t\t<div class=\"elementor-element elementor-element-31e2b8d6 elementor-widget elementor-widget-text-editor\" data-id=\"31e2b8d6\" data-element_type=\"widget\" data-e-type=\"widget\" data-widget_type=\"text-editor.default\">\n\t\t\t\t<div class=\"elementor-widget-container\">\n\t\t\t\t\t\t\t\t\t\n<p><strong>CONDICIONES DE USO Y PROTECCI\u00d3N DE DATOS<\/strong><\/p>\n\n<p>En cumplimiento de la Ley 34\/2002 de Servicios de la Sociedad de la Informaci\u00f3n y del Comercio Electr\u00f3nico (LSSICE), le informamos de que la titularidad del dominio de\u00a0alyragestion.es corresponde a RAFAEL GIL DURAN (en adelante ALYRAGESTION.ES) con DNI: 46864405L con domicilio <a>en <\/a>CALLE ESPA\u00d1A 18D &#8211; CIEMPOZUELOS &#8211; MADRID<\/p>\n\n<p>\u00a0ALYRAGESTION.ES presta servicios en Internet a trav\u00e9s de la p\u00e1gina web localizada en\u00a0www.alyragestion.es en las condiciones expresadas en el presente documento.<\/p>\n\n<p>Para cualquier consulta, puede contactar con ALYRAGESTION.ES en la direcci\u00f3n de correo electr\u00f3nico info@alyragestion.es en el tel\u00e9fono 659376537.<\/p>\n\n<p><strong>ACCESO Y USO DE LA P\u00c1GINA<\/strong><\/p>\n\n<p>La p\u00e1gina web de ALYRAGESTION.ES proporciona el acceso a contenidos en Internet pertenecientes a ALYRAGESTION.ES, contenidos a los que el usuario puede acceder de forma libre. El usuario se compromete a utilizar esta p\u00e1gina de acuerdo con lo establecido en la legislaci\u00f3n vigente, absteni\u00e9ndose de utilizar la p\u00e1gina web para actividades il\u00edcitas, ilegales, contrarias la buena fe y al orden p\u00fablico, o usos lesivos de los derechos e intereses de terceros. Asimismo, el usuario se compromete a no provocar da\u00f1os en los sistemas f\u00edsicos y l\u00f3gicos de RAFAEL GIL DURAN, introducir o difundir en la red virus inform\u00e1ticos o cualesquiera otros sistemas susceptibles de provocar los da\u00f1os anteriormente mencionados.<\/p>\n\n<p><strong>PROPIEDAD INTELECTUAL<\/strong><\/p>\n\n<p>Los textos, los comentarios, las ilustraciones y las im\u00e1genes que se reproducen en la p\u00e1gina web de ALYRAGESTION.ES est\u00e1n sujetos a derechos de autor y de la propiedad intelectual de ALYRAGESTION.ES o terceros titulares de los mismos que han autorizado debidamente su inclusi\u00f3n en el website. Dichos derechos son aplicables en todo el mundo. En este sentido y de conformidad con las disposiciones de la normativa reguladora de la Propiedad Intelectual, en ning\u00fan caso se entender\u00e1 que se concede licencia alguna o se efect\u00faa renuncia, transmisi\u00f3n, cesi\u00f3n total o parcial de estos derechos ni se confiere ning\u00fan derecho ni expectativa de derecho, y en especial, de alteraci\u00f3n, explotaci\u00f3n, reproducci\u00f3n, distribuci\u00f3n o comunicaci\u00f3n p\u00fablica de dichos contenidos sin la previa autorizaci\u00f3n de ALYRAGESTION.ES o de los titulares correspondientes.<\/p>\n\n<p>Por tanto, quedan prohibidas la reproducci\u00f3n, excepto para uso privado, la transformaci\u00f3n, distribuci\u00f3n, comunicaci\u00f3n p\u00fablica, puesta a disposici\u00f3n del p\u00fablico con fines comerciales o p\u00fablicos y en general cualquier otra forma de explotaci\u00f3n, por cualquier procedimiento, de todo o parte de los contenidos de\u00a0www.alyragestion.es, as\u00ed como de su dise\u00f1o y la selecci\u00f3n y forma de presentaci\u00f3n de los materiales incluidos en la p\u00e1gina. Estos tipos de uso de la p\u00e1gina web ser\u00e1n constitutivos de violaci\u00f3n de la Propiedad Intelectual y ser\u00e1 sancionada en debida forma, salvo que medie autorizaci\u00f3n previa de ALYRAGESTION.ES.<\/p>\n\n<p><strong>RESPONSABILIDAD DE ALYRAGESTION.ES<\/strong><\/p>\n\n<p>Las partes acuerdan expresamente que el presente contrato se regir\u00e1 y ser\u00e1 interpretado, en todos sus t\u00e9rminos y condiciones, conforme a la vigente legislaci\u00f3n espa\u00f1ola. De igual manera, la responsabilidad de ALYRAGESTION.ES no puede invocarse en el caso de productos no conformes a la legislaci\u00f3n de los pa\u00edses a los que hayan podido ser enviados en funci\u00f3n del pedido del cliente.<\/p>\n\n<p>El acceso a la p\u00e1gina web es voluntario, y, por tanto, responsabilidad del usuario, quien ser\u00e1 responsable de todo efecto directo o indirecto que se derive por el uso que haga del website, incluyendo, de forma enunciativa y no limitativa, todo resultado econ\u00f3mico, t\u00e9cnico y\/o jur\u00eddico adverso, as\u00ed como la defraudaci\u00f3n de las expectativas generadas por la p\u00e1gina web, oblig\u00e1ndose el usuario a mantener indemne a ALYRAGESTION.ES \u00a0por cualesquiera reclamaciones derivadas, directa o indirectamente de tales hechos.<\/p>\n\n<p>ALYRAGESTION.ES no podr\u00e1 ser considerada responsable de los da\u00f1os, sea cual sea su naturaleza, tanto materiales o corporales, que pudieran resultar de un funcionamiento o un uso inadecuado de los productos comercializados.<\/p>\n\n<p>ALYRAGESTION.ES \u00a0no se hace responsable de los perjuicios que se pudieran derivar de interferencias, omisiones, interrupciones, virus inform\u00e1ticos, aver\u00edas y\/o desconexiones en el funcionamiento operativo de este sistema electr\u00f3nico o en los aparatos y equipos inform\u00e1ticos de los usuarios, motivadas por causas ajenas a ALYRAGESTION.ES \u00a0, que impidan o retrasen la prestaci\u00f3n de los servicios o la navegaci\u00f3n por la tienda, ni de los retrasos o bloqueos en el uso causados por deficiencias o sobrecargas de Internet o en otros sistemas electr\u00f3nicos, ni de la imposibilidad de dar el servicio o permitir el acceso por causas no imputables a ALYRAGESTION.ES \u00a0, atribuidas al usuario, a terceros, o a supuestos de fuerza mayor. ALYRAGESTION.ES no controla, con car\u00e1cter general, la utilizaci\u00f3n que los usuarios hacen de la p\u00e1gina web. En particular, ALYRAGESTION.ES no responde en ning\u00fan caso de que los usuarios utilicen el website de conformidad con la ley, las Condiciones Generales, la moral y buenas costumbres generalmente aceptadas y el orden p\u00fablico, ni tampoco que lo hagan de forma diligente y prudente.<\/p>\n\n<p>ALYRAGESTION.ES no podr\u00e1 ser considerada responsable del incumplimiento del contrato suscrito en caso de agotamiento de las existencias o de indisponibilidad del producto, de fuerza mayor, de interrupci\u00f3n de la actividad o huelga total o parcial, en especial, de los servicios postales y medios de transporte o comunicaciones, inundaciones o incendio.<\/p>\n\t\t\t\t\t\t\t\t<\/div>\n\t\t\t\t<\/div>\n\t\t\t\t\t<\/div>\n\t\t\t\t<\/div>\n\t\t<div class=\"elementor-element elementor-element-8706266 e-flex e-con-boxed e-con e-parent\" data-id=\"8706266\" data-element_type=\"container\" data-e-type=\"container\">\n\t\t\t\t\t<div class=\"e-con-inner\">\n\t\t\t\t<div class=\"elementor-element elementor-element-dc08fd4 elementor-widget-divider--view-line elementor-widget elementor-widget-divider\" data-id=\"dc08fd4\" data-element_type=\"widget\" data-e-type=\"widget\" data-widget_type=\"divider.default\">\n\t\t\t\t<div class=\"elementor-widget-container\">\n\t\t\t\t\t\t\t<div class=\"elementor-divider\">\n\t\t\t<span class=\"elementor-divider-separator\">\n\t\t\t\t\t\t<\/span>\n\t\t<\/div>\n\t\t\t\t\t\t<\/div>\n\t\t\t\t<\/div>\n\t\t\t\t\t<\/div>\n\t\t\t\t<\/div>\n\t\t\t\t<\/div>\n\t\t","protected":false},"excerpt":{"rendered":"<p>CONDICIONES DE USO Y PROTECCI\u00d3N DE DATOS En cumplimiento de la Ley 34\/2002 de Servicios de la Sociedad de la Informaci\u00f3n y del Comercio Electr\u00f3nico (LSSICE), le informamos de que la titularidad del dominio de\u00a0alyragestion.es corresponde a RAFAEL GIL DURAN (en adelante ALYRAGESTION.ES) con DNI: 46864405L con domicilio en CALLE ESPA\u00d1A 18D &#8211; CIEMPOZUELOS &#8211; [&hellip;]<\/p>\n","protected":false},"author":1,"featured_media":0,"parent":0,"menu_order":0,"comment_status":"closed","ping_status":"closed","template":"","meta":{"footnotes":""},"class_list":["post-3537","page","type-page","status-publish","hentry"],"aioseo_notices":[],"_links":{"self":[{"href":"https:\/\/alyragestionintegral.es\/index.php\/wp-json\/wp\/v2\/pages\/3537","targetHints":{"allow":["GET"]}}],"collection":[{"href":"https:\/\/alyragestionintegral.es\/index.php\/wp-json\/wp\/v2\/pages"}],"about":[{"href":"https:\/\/alyragestionintegral.es\/index.php\/wp-json\/wp\/v2\/types\/page"}],"author":[{"embeddable":true,"href":"https:\/\/alyragestionintegral.es\/index.php\/wp-json\/wp\/v2\/users\/1"}],"replies":[{"embeddable":true,"href":"https:\/\/alyragestionintegral.es\/index.php\/wp-json\/wp\/v2\/comments?post=3537"}],"version-history":[{"count":8,"href":"https:\/\/alyragestionintegral.es\/index.php\/wp-json\/wp\/v2\/pages\/3537\/revisions"}],"predecessor-version":[{"id":3673,"href":"https:\/\/alyragestionintegral.es\/index.php\/wp-json\/wp\/v2\/pages\/3537\/revisions\/3673"}],"wp:attachment":[{"href":"https:\/\/alyragestionintegral.es\/index.php\/wp-json\/wp\/v2\/media?parent=3537"}],"curies":[{"name":"wp","href":"https:\/\/api.w.org\/{rel}","templated":true}]}}