{"id":3544,"date":"2025-06-26T18:37:53","date_gmt":"2025-06-26T18:37:53","guid":{"rendered":"https:\/\/nifty-lamarr.188-164-194-44.plesk.page\/?page_id=3544"},"modified":"2025-10-20T18:39:10","modified_gmt":"2025-10-20T18:39:10","slug":"accesibilidad","status":"publish","type":"page","link":"https:\/\/alyragestionintegral.es\/index.php\/accesibilidad\/","title":{"rendered":"Declaraci\u00f3n de Accesibilidad"},"content":{"rendered":"\t\t<div data-elementor-type=\"wp-page\" data-elementor-id=\"3544\" class=\"elementor elementor-3544\" data-elementor-post-type=\"page\">\n\t\t\t\t<div class=\"elementor-element elementor-element-6290cb25 e-flex e-con-boxed e-con e-parent\" data-id=\"6290cb25\" data-element_type=\"container\" data-e-type=\"container\">\n\t\t\t\t\t<div class=\"e-con-inner\">\n\t\t\t\t<div class=\"elementor-element elementor-element-2201cd91 elementor-widget elementor-widget-text-editor\" data-id=\"2201cd91\" data-element_type=\"widget\" data-e-type=\"widget\" data-widget_type=\"text-editor.default\">\n\t\t\t\t<div class=\"elementor-widget-container\">\n\t\t\t\t\t\t\t\t\t\n<p>RAFAEL GIL DURAN se ha comprometido a hacer accesible su sitio web, de conformidad con el\u00a0<a href=\"https:\/\/www.boe.es\/diario_boe\/txt.php?id=BOE-A-2018-12699\">Real Decreto 1112\/2018, de 7 de septiembre, sobre accesibilidad de los sitios web y aplicaciones para dispositivos m\u00f3viles del sector p\u00fablico<\/a>. La presente declaraci\u00f3n de accesibilidad se aplica a www.alyragestion.es.<\/p>\n\n<p><strong>SITUACI\u00d3N DEL CUMPLIMIENTO<\/strong><\/p>\n\n<p>Este sitio web es\u00a0plenamente conforme\u00a0con el RD 1112\/2018.<\/p>\n\n<p><strong>CONTENIDO NO ACCESIBLE<\/strong><\/p>\n\n<p>Todo el contenido es accesible.<\/p>\n\n<p><strong>PREPARACI\u00d3N DE LA PRESENTE DECLARACI\u00d3N DE ACCESIBILIDAD<\/strong><\/p>\n\n<p>La presente declaraci\u00f3n fue preparada el 13 de diciembre de 2024.<\/p>\n\n<p>El m\u00e9todo empleado para preparar la declaraci\u00f3n ha sido una autoevaluaci\u00f3n llevada a cabo por el propio organismo.<\/p>\n\n<p><strong>OBSERVACIONES Y DATOS DE CONTACTO<\/strong><\/p>\n\n<p>Puede realizar\u00a0comunicaciones\u00a0sobre requisitos de accesibilidad (art\u00edculo 10.2.a) del RD 1112\/2018) como, por ejemplo:<\/p>\n\n<p>informar sobre cualquier posible\u00a0incumplimiento\u00a0por parte de este sitio web<\/p>\n\n<p>transmitir otras\u00a0dificultades de acceso\u00a0al contenido<\/p>\n\n<p>formular cualquier otra\u00a0consulta o sugerencia de mejora\u00a0relativa a la accesibilidad del sitio web<\/p>\n\n<p>A trav\u00e9s del correo info@alyragestion.es<\/p>\n\n<p>\u00a0<\/p>\n\t\t\t\t\t\t\t\t<\/div>\n\t\t\t\t<\/div>\n\t\t\t\t\t<\/div>\n\t\t\t\t<\/div>\n\t\t<div class=\"elementor-element elementor-element-7a0f79f e-flex e-con-boxed e-con e-parent\" data-id=\"7a0f79f\" data-element_type=\"container\" data-e-type=\"container\">\n\t\t\t\t\t<div class=\"e-con-inner\">\n\t\t\t\t<div class=\"elementor-element elementor-element-9caf089 elementor-widget-divider--view-line elementor-widget elementor-widget-divider\" data-id=\"9caf089\" data-element_type=\"widget\" data-e-type=\"widget\" data-widget_type=\"divider.default\">\n\t\t\t\t<div class=\"elementor-widget-container\">\n\t\t\t\t\t\t\t<div class=\"elementor-divider\">\n\t\t\t<span class=\"elementor-divider-separator\">\n\t\t\t\t\t\t<\/span>\n\t\t<\/div>\n\t\t\t\t\t\t<\/div>\n\t\t\t\t<\/div>\n\t\t\t\t\t<\/div>\n\t\t\t\t<\/div>\n\t\t\t\t<\/div>\n\t\t","protected":false},"excerpt":{"rendered":"<p>RAFAEL GIL DURAN se ha comprometido a hacer accesible su sitio web, de conformidad con el\u00a0Real Decreto 1112\/2018, de 7 de septiembre, sobre accesibilidad de los sitios web y aplicaciones para dispositivos m\u00f3viles del sector p\u00fablico. La presente declaraci\u00f3n de accesibilidad se aplica a www.alyragestion.es. SITUACI\u00d3N DEL CUMPLIMIENTO Este sitio web es\u00a0plenamente conforme\u00a0con el RD [&hellip;]<\/p>\n","protected":false},"author":1,"featured_media":0,"parent":0,"menu_order":0,"comment_status":"closed","ping_status":"closed","template":"","meta":{"footnotes":""},"class_list":["post-3544","page","type-page","status-publish","hentry"],"aioseo_notices":[],"_links":{"self":[{"href":"https:\/\/alyragestionintegral.es\/index.php\/wp-json\/wp\/v2\/pages\/3544","targetHints":{"allow":["GET"]}}],"collection":[{"href":"https:\/\/alyragestionintegral.es\/index.php\/wp-json\/wp\/v2\/pages"}],"about":[{"href":"https:\/\/alyragestionintegral.es\/index.php\/wp-json\/wp\/v2\/types\/page"}],"author":[{"embeddable":true,"href":"https:\/\/alyragestionintegral.es\/index.php\/wp-json\/wp\/v2\/users\/1"}],"replies":[{"embeddable":true,"href":"https:\/\/alyragestionintegral.es\/index.php\/wp-json\/wp\/v2\/comments?post=3544"}],"version-history":[{"count":11,"href":"https:\/\/alyragestionintegral.es\/index.php\/wp-json\/wp\/v2\/pages\/3544\/revisions"}],"predecessor-version":[{"id":3685,"href":"https:\/\/alyragestionintegral.es\/index.php\/wp-json\/wp\/v2\/pages\/3544\/revisions\/3685"}],"wp:attachment":[{"href":"https:\/\/alyragestionintegral.es\/index.php\/wp-json\/wp\/v2\/media?parent=3544"}],"curies":[{"name":"wp","href":"https:\/\/api.w.org\/{rel}","templated":true}]}}